{"id":20474,"date":"2022-09-30T13:20:55","date_gmt":"2022-09-30T13:20:55","guid":{"rendered":"https:\/\/fxgiants-com.wp-dev.int.theitops.net\/fxg\/?page_id=20474"},"modified":"2025-07-29T12:44:07","modified_gmt":"2025-07-29T09:44:07","slug":"widgets","status":"publish","type":"page","link":"https:\/\/www.fxgiants-cn.com\/fxg\/es\/trading\/widgets\/","title":{"rendered":"Widgets"},"content":{"rendered":"<div data-elementor-type=\"wp-page\" data-elementor-id=\"20474\" class=\"elementor elementor-20474\" data-elementor-post-type=\"page\">\n\t\t\t\t\t\t<section class=\"elementor-section elementor-top-section elementor-element elementor-element-2e8e9977 elementor-section-boxed elementor-section-height-default elementor-section-height-default\" data-id=\"2e8e9977\" data-element_type=\"section\">\n\t\t\t\t\t\t<div class=\"elementor-container elementor-column-gap-default\">\n\t\t\t\t\t<div class=\"elementor-column elementor-col-100 elementor-top-column elementor-element elementor-element-28557bad\" data-id=\"28557bad\" data-element_type=\"column\">\n\t\t\t<div class=\"elementor-widget-wrap elementor-element-populated\">\n\t\t\t\t\t\t<div class=\"elementor-element elementor-element-4669ce40 elementor-widget elementor-widget-heading\" data-id=\"4669ce40\" data-element_type=\"widget\" data-widget_type=\"heading.default\">\n\t\t\t\t<div class=\"elementor-widget-container\">\n\t\t\t\t\t<h2 class=\"elementor-heading-title elementor-size-default\">Widgets para forex<\/h2>\t\t\t\t<\/div>\n\t\t\t\t<\/div>\n\t\t\t\t\t<\/div>\n\t\t<\/div>\n\t\t\t\t\t<\/div>\n\t\t<\/section>\n\t\t\t\t<section class=\"elementor-section elementor-top-section elementor-element elementor-element-668bb193 elementor-section-boxed elementor-section-height-default elementor-section-height-default\" data-id=\"668bb193\" data-element_type=\"section\">\n\t\t\t\t\t\t<div class=\"elementor-container elementor-column-gap-default\">\n\t\t\t\t\t<div class=\"elementor-column elementor-col-100 elementor-top-column elementor-element elementor-element-2291f9b9\" data-id=\"2291f9b9\" data-element_type=\"column\">\n\t\t\t<div class=\"elementor-widget-wrap elementor-element-populated\">\n\t\t\t\t\t\t<div class=\"elementor-element elementor-element-1efd6da3 elementor-widget__width-initial elementor-widget elementor-widget-text-editor\" data-id=\"1efd6da3\" data-element_type=\"widget\" data-widget_type=\"text-editor.default\">\n\t\t\t\t<div class=\"elementor-widget-container\">\n\t\t\t\t\t\t\t\t\t<p>Tanto si es un trader como si tiene un sitio web de trading, nuestros widgets de forex son una herramienta pr\u00e1ctica que los traders pueden usar f\u00e1cilmente en el trading del d\u00eda a d\u00eda. Nuestros widgets de forex cuentan con un dise\u00f1o experto y se pueden insertar eficazmente en cualquier sitio web. FXGiants ofrece una amplia variedad de widgets, incluidos un conversor de divisas y calculadoras de pip, m\u00e1rgenes y beneficios.<\/p>\t\t\t\t\t\t\t\t<\/div>\n\t\t\t\t<\/div>\n\t\t\t\t<div class=\"elementor-element elementor-element-77eac371 elementor-align-center button-angled-holder elementor-widget elementor-widget-button\" data-id=\"77eac371\" data-element_type=\"widget\" data-settings=\"{&quot;_animation&quot;:&quot;none&quot;}\" data-widget_type=\"button.default\">\n\t\t\t\t<div class=\"elementor-widget-container\">\n\t\t\t\t\t\t\t\t\t<div class=\"elementor-button-wrapper\">\n\t\t\t\t\t<a class=\"elementor-button elementor-button-link elementor-size-xl\" href=\"https:\/\/nep.fxgiants.com\/es\/registration\">\n\t\t\t\t\t\t<span class=\"elementor-button-content-wrapper\">\n\t\t\t\t\t\t\t\t\t<span class=\"elementor-button-text\">Abrir cuenta<\/span>\n\t\t\t\t\t<\/span>\n\t\t\t\t\t<\/a>\n\t\t\t\t<\/div>\n\t\t\t\t\t\t\t\t<\/div>\n\t\t\t\t<\/div>\n\t\t\t\t<div class=\"elementor-element elementor-element-10e04f9a elementor-widget elementor-widget-heading\" data-id=\"10e04f9a\" data-element_type=\"widget\" data-widget_type=\"heading.default\">\n\t\t\t\t<div class=\"elementor-widget-container\">\n\t\t\t\t\t<div class=\"elementor-heading-title elementor-size-default translation-block\">Todas las operaciones implican riesgo. <br>Es posible perder todo su capital.<\/div>\t\t\t\t<\/div>\n\t\t\t\t<\/div>\n\t\t\t\t<div class=\"elementor-element elementor-element-af62f7f elementor-widget elementor-widget-trading-widgets\" data-id=\"af62f7f\" data-element_type=\"widget\" data-widget_type=\"trading-widgets.default\">\n\t\t\t\t<div class=\"elementor-widget-container\">\n\t\t\t\t\t<link rel=\"stylesheet\" href=\"\/fxg\/wp-content\/plugins\/cool-widgets\/assets\/assets\/trading-widgets.5d7da681.css\">\n<link rel=\"stylesheet\" href=\"\/fxg\/wp-content\/plugins\/cool-widgets\/assets\/assets\/widgets.5495483d.css\"><script type=\"module\" crossorigin=\"anonymous\" src=\"\/fxg\/wp-content\/plugins\/cool-widgets\/assets\/assets\/trading-widgets.6d51c55b.js\"><\/script><div id=\"trading-widgets\" data-base-url=\"https:\/\/www.fxgiants-cn.com\/fxg\" data-lang=\"es\" data-api=\"https:\/\/api.fxgiants.com\/prices\"><\/div>\t\t\t\t<\/div>\n\t\t\t\t<\/div>\n\t\t\t\t<div class=\"elementor-element elementor-element-5a93d853 elementor-widget elementor-widget-heading\" data-id=\"5a93d853\" data-element_type=\"widget\" data-widget_type=\"heading.default\">\n\t\t\t\t<div class=\"elementor-widget-container\">\n\t\t\t\t\t<h2 class=\"elementor-heading-title elementor-size-default\">How our Forex Widgets work<\/h2>\t\t\t\t<\/div>\n\t\t\t\t<\/div>\n\t\t\t\t\t<\/div>\n\t\t<\/div>\n\t\t\t\t\t<\/div>\n\t\t<\/section>\n\t\t\t\t<section class=\"elementor-section elementor-top-section elementor-element elementor-element-34b9e0bd elementor-section-boxed elementor-section-height-default elementor-section-height-default\" data-id=\"34b9e0bd\" data-element_type=\"section\">\n\t\t\t\t\t\t<div class=\"elementor-container elementor-column-gap-default\">\n\t\t\t\t\t<div class=\"elementor-column elementor-col-50 elementor-top-column elementor-element elementor-element-46f18bca\" data-id=\"46f18bca\" data-element_type=\"column\">\n\t\t\t<div class=\"elementor-widget-wrap elementor-element-populated\">\n\t\t\t\t\t\t<div class=\"elementor-element elementor-element-475eed2f elementor-position-top elementor-widget elementor-widget-image-box\" data-id=\"475eed2f\" data-element_type=\"widget\" data-widget_type=\"image-box.default\">\n\t\t\t\t<div class=\"elementor-widget-container\">\n\t\t\t\t\t<div class=\"elementor-image-box-wrapper\"><figure class=\"elementor-image-box-img\"><img decoding=\"async\" width=\"76\" height=\"76\" src=\"\/fxg\/wp-content\/uploads\/2022\/09\/pip-calculator.svg\" class=\"attachment-full size-full wp-image-20484\" alt=\"\" \/><\/figure><div class=\"elementor-image-box-content\"><h3 class=\"elementor-image-box-title\">Calculadora de pips<\/h3><p class=\"elementor-image-box-description\">Calcule el valor de un pip en la divisa de su cuenta de trading y gestione su riesgo por operaci\u00f3n. Seleccione la divisa de su cuenta, el par de divisas, el tama\u00f1o de su posici\u00f3n y, luego, haga clic en \"Calcular\".<\/p><\/div><\/div>\t\t\t\t<\/div>\n\t\t\t\t<\/div>\n\t\t\t\t\t<\/div>\n\t\t<\/div>\n\t\t\t\t<div class=\"elementor-column elementor-col-50 elementor-top-column elementor-element elementor-element-179ebd9b\" data-id=\"179ebd9b\" data-element_type=\"column\">\n\t\t\t<div class=\"elementor-widget-wrap elementor-element-populated\">\n\t\t\t\t\t\t<div class=\"elementor-element elementor-element-4d979474 elementor-position-top elementor-widget elementor-widget-image-box\" data-id=\"4d979474\" data-element_type=\"widget\" data-widget_type=\"image-box.default\">\n\t\t\t\t<div class=\"elementor-widget-container\">\n\t\t\t\t\t<div class=\"elementor-image-box-wrapper\"><figure class=\"elementor-image-box-img\"><img decoding=\"async\" width=\"76\" height=\"76\" src=\"\/fxg\/wp-content\/uploads\/2022\/09\/margin-calculator.svg\" class=\"attachment-full size-full wp-image-20485\" alt=\"\" \/><\/figure><div class=\"elementor-image-box-content\"><h3 class=\"elementor-image-box-title\">Calculadora de m\u00e1rgenes<\/h3><p class=\"elementor-image-box-description\">Calcule el margen necesario para abrir y mantener una posici\u00f3n. Seleccione la divisa de su cuenta, el par de divisas, el apalancamiento, el tama\u00f1o de su operaci\u00f3n y, luego, haga clic en \"Calcular\".<\/p><\/div><\/div>\t\t\t\t<\/div>\n\t\t\t\t<\/div>\n\t\t\t\t\t<\/div>\n\t\t<\/div>\n\t\t\t\t\t<\/div>\n\t\t<\/section>\n\t\t\t\t<section class=\"elementor-section elementor-top-section elementor-element elementor-element-10dc87a6 elementor-section-boxed elementor-section-height-default elementor-section-height-default\" data-id=\"10dc87a6\" data-element_type=\"section\">\n\t\t\t\t\t\t<div class=\"elementor-container elementor-column-gap-default\">\n\t\t\t\t\t<div class=\"elementor-column elementor-col-50 elementor-top-column elementor-element elementor-element-404454e3\" data-id=\"404454e3\" data-element_type=\"column\">\n\t\t\t<div class=\"elementor-widget-wrap elementor-element-populated\">\n\t\t\t\t\t\t<div class=\"elementor-element elementor-element-6227a55b elementor-position-top elementor-widget elementor-widget-image-box\" data-id=\"6227a55b\" data-element_type=\"widget\" data-widget_type=\"image-box.default\">\n\t\t\t\t<div class=\"elementor-widget-container\">\n\t\t\t\t\t<div class=\"elementor-image-box-wrapper\"><figure class=\"elementor-image-box-img\"><img decoding=\"async\" width=\"76\" height=\"76\" src=\"\/fxg\/wp-content\/uploads\/2022\/09\/profit-calculator.svg\" class=\"attachment-full size-full wp-image-20486\" alt=\"\" \/><\/figure><div class=\"elementor-image-box-content\"><h3 class=\"elementor-image-box-title\">Calculadora de beneficios<\/h3><p class=\"elementor-image-box-description\">Calcule f\u00e1cilmente el resultado de cada operaci\u00f3n. Seleccione el par de divisas, tanto si quiere vender como comprar, sus precios de apertura y de cierre, el tama\u00f1o de la operaci\u00f3n y la divisa del dep\u00f3sito. Finalmente, haga clic en \"Calcular\".<\/p><\/div><\/div>\t\t\t\t<\/div>\n\t\t\t\t<\/div>\n\t\t\t\t\t<\/div>\n\t\t<\/div>\n\t\t\t\t<div class=\"elementor-column elementor-col-50 elementor-top-column elementor-element elementor-element-af447c\" data-id=\"af447c\" data-element_type=\"column\">\n\t\t\t<div class=\"elementor-widget-wrap elementor-element-populated\">\n\t\t\t\t\t\t<div class=\"elementor-element elementor-element-7cf4bd07 elementor-position-top elementor-widget elementor-widget-image-box\" data-id=\"7cf4bd07\" data-element_type=\"widget\" data-widget_type=\"image-box.default\">\n\t\t\t\t<div class=\"elementor-widget-container\">\n\t\t\t\t\t<div class=\"elementor-image-box-wrapper\"><figure class=\"elementor-image-box-img\"><img loading=\"lazy\" decoding=\"async\" width=\"76\" height=\"76\" src=\"\/fxg\/wp-content\/uploads\/2022\/09\/currency-converter.svg\" class=\"attachment-full size-full wp-image-20487\" alt=\"\" \/><\/figure><div class=\"elementor-image-box-content\"><h3 class=\"elementor-image-box-title\">Conversor de divisas<\/h3><p class=\"elementor-image-box-description\">Convierta las principales divisas r\u00e1pidamente. Seleccione la divisa y la divisa a la que quiere convertirla, introduzca la cantidad y, luego, haga clic en \"Calcular\".<\/p><\/div><\/div>\t\t\t\t<\/div>\n\t\t\t\t<\/div>\n\t\t\t\t\t<\/div>\n\t\t<\/div>\n\t\t\t\t\t<\/div>\n\t\t<\/section>\n\t\t\t\t<section class=\"elementor-section elementor-top-section elementor-element elementor-element-31c4029c elementor-section-boxed elementor-section-height-default elementor-section-height-default\" data-id=\"31c4029c\" data-element_type=\"section\" data-settings=\"{&quot;background_background&quot;:&quot;classic&quot;}\">\n\t\t\t\t\t\t<div class=\"elementor-container elementor-column-gap-no\">\n\t\t\t\t\t<div class=\"elementor-column elementor-col-100 elementor-top-column elementor-element elementor-element-277cc5ae\" data-id=\"277cc5ae\" data-element_type=\"column\" data-settings=\"{&quot;background_background&quot;:&quot;classic&quot;}\">\n\t\t\t<div class=\"elementor-widget-wrap elementor-element-populated\">\n\t\t\t\t\t\t<section class=\"elementor-section elementor-inner-section elementor-element elementor-element-2d823b16 elementor-section-boxed elementor-section-height-default elementor-section-height-default\" data-id=\"2d823b16\" data-element_type=\"section\">\n\t\t\t\t\t\t<div class=\"elementor-container elementor-column-gap-no\">\n\t\t\t\t\t<div class=\"elementor-column elementor-col-50 elementor-inner-column elementor-element elementor-element-68fa341b\" data-id=\"68fa341b\" data-element_type=\"column\">\n\t\t\t<div class=\"elementor-widget-wrap elementor-element-populated\">\n\t\t\t\t\t\t<div class=\"elementor-element elementor-element-51f96235 elementor-widget elementor-widget-heading\" data-id=\"51f96235\" data-element_type=\"widget\" data-widget_type=\"heading.default\">\n\t\t\t\t<div class=\"elementor-widget-container\">\n\t\t\t\t\t<h2 class=\"elementor-heading-title elementor-size-default\">FXGiants le ofrece precios competitivos y una ejecuci\u00f3n r\u00e1pida.<\/h2>\t\t\t\t<\/div>\n\t\t\t\t<\/div>\n\t\t\t\t<div class=\"elementor-element elementor-element-19b6e42f elementor-widget elementor-widget-heading\" data-id=\"19b6e42f\" data-element_type=\"widget\" data-widget_type=\"heading.default\">\n\t\t\t\t<div class=\"elementor-widget-container\">\n\t\t\t\t\t<h2 class=\"elementor-heading-title elementor-size-default\">Comience a operar con un Br\u00f3ker potente.<\/h2>\t\t\t\t<\/div>\n\t\t\t\t<\/div>\n\t\t\t\t<div class=\"elementor-element elementor-element-342fa848 elementor-align-center button-angled-holder elementor-widget elementor-widget-button\" data-id=\"342fa848\" data-element_type=\"widget\" data-settings=\"{&quot;_animation&quot;:&quot;none&quot;}\" data-widget_type=\"button.default\">\n\t\t\t\t<div class=\"elementor-widget-container\">\n\t\t\t\t\t\t\t\t\t<div class=\"elementor-button-wrapper\">\n\t\t\t\t\t<a class=\"elementor-button elementor-button-link elementor-size-sm\" href=\"https:\/\/nep.fxgiants.com\/es\/registration\">\n\t\t\t\t\t\t<span class=\"elementor-button-content-wrapper\">\n\t\t\t\t\t\t\t\t\t<span class=\"elementor-button-text\">Abrir cuenta<\/span>\n\t\t\t\t\t<\/span>\n\t\t\t\t\t<\/a>\n\t\t\t\t<\/div>\n\t\t\t\t\t\t\t\t<\/div>\n\t\t\t\t<\/div>\n\t\t\t\t<div class=\"elementor-element elementor-element-1f6f744 elementor-widget elementor-widget-text-editor\" data-id=\"1f6f744\" data-element_type=\"widget\" data-widget_type=\"text-editor.default\">\n\t\t\t\t<div class=\"elementor-widget-container\">\n\t\t\t\t\t\t\t\t\t<p>&nbsp; <a href=\"https:\/\/nep.fxgiants.com\/es\/register?flowkey=demo\">Cuenta Demo<\/a><\/p>\t\t\t\t\t\t\t\t<\/div>\n\t\t\t\t<\/div>\n\t\t\t\t<div class=\"elementor-element elementor-element-4b2cfa67 elementor-widget elementor-widget-text-editor\" data-id=\"4b2cfa67\" data-element_type=\"widget\" data-widget_type=\"text-editor.default\">\n\t\t\t\t<div class=\"elementor-widget-container\">\n\t\t\t\t\t\t\t\t\t<p class=\"translation-block\">Todas las operaciones implican riesgo. <br>Es posible perder todo su capital.<\/p>\t\t\t\t\t\t\t\t<\/div>\n\t\t\t\t<\/div>\n\t\t\t\t\t<\/div>\n\t\t<\/div>\n\t\t\t\t<div class=\"elementor-column elementor-col-50 elementor-inner-column elementor-element elementor-element-7fe4254d\" data-id=\"7fe4254d\" data-element_type=\"column\">\n\t\t\t<div class=\"elementor-widget-wrap elementor-element-populated\">\n\t\t\t\t\t\t<div class=\"elementor-element elementor-element-247bd3e3 elementor-widget elementor-widget-image\" data-id=\"247bd3e3\" data-element_type=\"widget\" data-widget_type=\"image.default\">\n\t\t\t\t<div class=\"elementor-widget-container\">\n\t\t\t\t\t\t\t\t\t\t\t\t\t\t\t<img loading=\"lazy\" decoding=\"async\" width=\"800\" height=\"508\" src=\"\/fxg\/wp-content\/uploads\/2024\/09\/markets-trading-broker-laptop.png\" class=\"attachment-large size-large wp-image-24525\" alt=\"\" \/>\t\t\t\t\t\t\t\t\t\t\t\t\t\t\t<\/div>\n\t\t\t\t<\/div>\n\t\t\t\t\t<\/div>\n\t\t<\/div>\n\t\t\t\t\t<\/div>\n\t\t<\/section>\n\t\t\t\t\t<\/div>\n\t\t<\/div>\n\t\t\t\t\t<\/div>\n\t\t<\/section>\n\t\t\t\t<\/div>","protected":false},"excerpt":{"rendered":"<p>Forex Widgets Whether you are a trader or have a trading website, our [&hellip;]<\/p>","protected":false},"author":1,"featured_media":0,"parent":946,"menu_order":0,"comment_status":"closed","ping_status":"closed","template":"elementor_header_footer","meta":{"_acf_changed":false,"footnotes":""},"class_list":["post-20474","page","type-page","status-publish","hentry"],"acf":[],"yoast_head":"<!-- This site is optimized with the Yoast SEO Premium plugin v26.2 (Yoast SEO v26.2) - https:\/\/yoast.com\/wordpress\/plugins\/seo\/ -->\n<title>Useful trading and forex widgets<\/title>\n<meta name=\"description\" content=\"FXGiants\u2019 forex and trading widgets provide traders and investors with the opportunity to improve their trading and traffic.\" \/>\n<meta name=\"robots\" content=\"index, follow, max-snippet:-1, max-image-preview:large, max-video-preview:-1\" \/>\n<link rel=\"canonical\" href=\"https:\/\/www.fxgiants-cn.com\/fxg\/es\/\" \/>\n<meta property=\"og:locale\" content=\"es_ES\" \/>\n<meta property=\"og:type\" content=\"article\" \/>\n<meta property=\"og:title\" content=\"Widgets\" \/>\n<meta property=\"og:description\" content=\"FXGiants\u2019 forex and trading widgets provide traders and investors with the opportunity to improve their trading and traffic.\" \/>\n<meta property=\"og:url\" content=\"\/fxg\/es\/\" \/>\n<meta property=\"og:site_name\" content=\"FXGiants\" \/>\n<meta property=\"article:modified_time\" content=\"2025-07-29T09:44:07+00:00\" \/>\n<meta name=\"twitter:card\" content=\"summary_large_image\" \/>\n<meta name=\"twitter:label1\" content=\"Tiempo de lectura\" \/>\n\t<meta name=\"twitter:data1\" content=\"3 minutos\" \/>\n<script type=\"application\/ld+json\" class=\"yoast-schema-graph\">{\"@context\":\"https:\/\/schema.org\",\"@graph\":[{\"@type\":\"WebPage\",\"@id\":\"\/\",\"url\":\"https:\/\/www.fxgiants-cn.com\/\",\"name\":\"Useful trading and forex widgets\",\"isPartOf\":{\"@id\":\"https:\/\/www.fxgiants-cn.com\/fxg\/ms\/#website\"},\"datePublished\":\"2022-09-30T13:20:55+00:00\",\"dateModified\":\"2025-07-29T09:44:07+00:00\",\"description\":\"FXGiants\u2019 forex and trading widgets provide traders and investors with the opportunity to improve their trading and traffic.\",\"breadcrumb\":{\"@id\":\"https:\/\/www.fxgiants-cn.com\/#breadcrumb\"},\"inLanguage\":\"es\",\"potentialAction\":[{\"@type\":\"ReadAction\",\"target\":[\"https:\/\/www.fxgiants-cn.com\/\"]}]},{\"@type\":\"BreadcrumbList\",\"@id\":\"https:\/\/www.fxgiants-cn.com\/#breadcrumb\",\"itemListElement\":[{\"@type\":\"ListItem\",\"position\":1,\"name\":\"Home\",\"item\":\"https:\/\/www.fxgiants-cn.com\/fxg\/es\/\"},{\"@type\":\"ListItem\",\"position\":2,\"name\":\"Trading\",\"item\":\"https:\/\/www.fxgiants-cn.com\/fxg\/es\/trading\/\"},{\"@type\":\"ListItem\",\"position\":3,\"name\":\"Widgets\"}]},{\"@type\":\"WebSite\",\"@id\":\"https:\/\/www.fxgiants-cn.com\/fxg\/ms\/#website\",\"url\":\"https:\/\/www.fxgiants-cn.com\/fxg\/ms\/\",\"name\":\"FXGiants\",\"description\":\"\",\"publisher\":{\"@id\":\"https:\/\/www.fxgiants-cn.com\/fxg\/ms\/#organization\"},\"potentialAction\":[{\"@type\":\"SearchAction\",\"target\":{\"@type\":\"EntryPoint\",\"urlTemplate\":\"https:\/\/www.fxgiants-cn.com\/fxg\/ms\/?s={search_term_string}\"},\"query-input\":{\"@type\":\"PropertyValueSpecification\",\"valueRequired\":true,\"valueName\":\"search_term_string\"}}],\"inLanguage\":\"es\"},{\"@type\":\"Organization\",\"@id\":\"https:\/\/www.fxgiants-cn.com\/fxg\/ms\/#organization\",\"name\":\"FXGiants\",\"url\":\"https:\/\/www.fxgiants-cn.com\/fxg\/ms\/\",\"logo\":{\"@type\":\"ImageObject\",\"inLanguage\":\"es\",\"@id\":\"https:\/\/www.fxgiants-cn.com\/fxg\/ms\/#\/schema\/logo\/image\/\",\"url\":\"\/fxg\/wp-content\/uploads\/2021\/11\/logo.svg\",\"contentUrl\":\"\/fxg\/wp-content\/uploads\/2021\/11\/logo.svg\",\"width\":134,\"height\":25,\"caption\":\"FXGiants\"},\"image\":{\"@id\":\"https:\/\/www.fxgiants-cn.com\/fxg\/ms\/#\/schema\/logo\/image\/\"}}]}<\/script>\n<!-- \/ Yoast SEO Premium plugin. -->","yoast_head_json":{"title":"Widgets pr\u00e1cticos para trading y forex","description":"Los widgets de FXGiants de trading y forex ofrecen a los traders e inversores la oportunidad de mejorar su tr\u00e1fico y su trading.","robots":{"index":"index","follow":"follow","max-snippet":"max-snippet:-1","max-image-preview":"max-image-preview:large","max-video-preview":"max-video-preview:-1"},"canonical":"https:\/\/www.fxgiants-cn.com\/fxg\/es\/","og_locale":"es_ES","og_type":"article","og_title":"Widgets","og_description":"FXGiants\u2019 forex and trading widgets provide traders and investors with the opportunity to improve their trading and traffic.","og_url":"\/fxg\/es\/","og_site_name":"FXGiants","article_modified_time":"2025-07-29T09:44:07+00:00","twitter_card":"summary_large_image","twitter_misc":{"Tiempo de lectura":"3 minutos"},"schema":{"@context":"https:\/\/schema.org","@graph":[{"@type":"WebPage","@id":"\/","url":"https:\/\/www.fxgiants-cn.com\/","name":"Widgets pr\u00e1cticos para trading y forex","isPartOf":{"@id":"https:\/\/www.fxgiants-cn.com\/fxg\/ms\/#website"},"datePublished":"2022-09-30T13:20:55+00:00","dateModified":"2025-07-29T09:44:07+00:00","description":"Los widgets de FXGiants de trading y forex ofrecen a los traders e inversores la oportunidad de mejorar su tr\u00e1fico y su trading.","breadcrumb":{"@id":"https:\/\/www.fxgiants-cn.com\/#breadcrumb"},"inLanguage":"es","potentialAction":[{"@type":"ReadAction","target":["https:\/\/www.fxgiants-cn.com\/"]}]},{"@type":"BreadcrumbList","@id":"https:\/\/www.fxgiants-cn.com\/#breadcrumb","itemListElement":[{"@type":"ListItem","position":1,"name":"Home","item":"https:\/\/www.fxgiants-cn.com\/fxg\/es\/"},{"@type":"ListItem","position":2,"name":"Trading","item":"https:\/\/www.fxgiants-cn.com\/fxg\/es\/trading\/"},{"@type":"ListItem","position":3,"name":"Widgets"}]},{"@type":"WebSite","@id":"https:\/\/www.fxgiants-cn.com\/fxg\/ms\/#website","url":"https:\/\/www.fxgiants-cn.com\/fxg\/ms\/","name":"FXGiants","description":"","publisher":{"@id":"https:\/\/www.fxgiants-cn.com\/fxg\/ms\/#organization"},"potentialAction":[{"@type":"SearchAction","target":{"@type":"EntryPoint","urlTemplate":"https:\/\/www.fxgiants-cn.com\/fxg\/ms\/?s={search_term_string}"},"query-input":{"@type":"PropertyValueSpecification","valueRequired":true,"valueName":"search_term_string"}}],"inLanguage":"es"},{"@type":"Organization","@id":"https:\/\/www.fxgiants-cn.com\/fxg\/ms\/#organization","name":"FXGiants","url":"https:\/\/www.fxgiants-cn.com\/fxg\/ms\/","logo":{"@type":"ImageObject","inLanguage":"es","@id":"https:\/\/www.fxgiants-cn.com\/fxg\/ms\/#\/schema\/logo\/image\/","url":"\/fxg\/wp-content\/uploads\/2021\/11\/logo.svg","contentUrl":"\/fxg\/wp-content\/uploads\/2021\/11\/logo.svg","width":134,"height":25,"caption":"FXGiants"},"image":{"@id":"https:\/\/www.fxgiants-cn.com\/fxg\/ms\/#\/schema\/logo\/image\/"}}]}},"_links":{"self":[{"href":"https:\/\/www.fxgiants-cn.com\/fxg\/es\/wp-json\/wp\/v2\/pages\/20474","targetHints":{"allow":["GET"]}}],"collection":[{"href":"https:\/\/www.fxgiants-cn.com\/fxg\/es\/wp-json\/wp\/v2\/pages"}],"about":[{"href":"https:\/\/www.fxgiants-cn.com\/fxg\/es\/wp-json\/wp\/v2\/types\/page"}],"author":[{"embeddable":true,"href":"https:\/\/www.fxgiants-cn.com\/fxg\/es\/wp-json\/wp\/v2\/users\/1"}],"replies":[{"embeddable":true,"href":"https:\/\/www.fxgiants-cn.com\/fxg\/es\/wp-json\/wp\/v2\/comments?post=20474"}],"version-history":[{"count":10,"href":"https:\/\/www.fxgiants-cn.com\/fxg\/es\/wp-json\/wp\/v2\/pages\/20474\/revisions"}],"predecessor-version":[{"id":26284,"href":"https:\/\/www.fxgiants-cn.com\/fxg\/es\/wp-json\/wp\/v2\/pages\/20474\/revisions\/26284"}],"up":[{"embeddable":true,"href":"https:\/\/www.fxgiants-cn.com\/fxg\/es\/wp-json\/wp\/v2\/pages\/946"}],"wp:attachment":[{"href":"https:\/\/www.fxgiants-cn.com\/fxg\/es\/wp-json\/wp\/v2\/media?parent=20474"}],"curies":[{"name":"wp","href":"https:\/\/api.w.org\/{rel}","templated":true}]}}